{"id":713,"date":"2014-12-26T18:49:55","date_gmt":"2014-12-26T16:49:55","guid":{"rendered":"http:\/\/www.nurmi-study.com\/?page_id=713"},"modified":"2023-01-07T14:54:14","modified_gmt":"2023-01-07T12:54:14","slug":"paavo-nurmi","status":"publish","type":"page","link":"https:\/\/www.nurmi-study.com\/en\/paavo-nurmi","title":{"rendered":"Paavo Nurmi"},"content":{"rendered":"<div class=\"fusion-fullwidth fullwidth-box fusion-builder-row-1 hundred-percent-fullwidth non-hundred-percent-height-scrolling\" style=\"--awb-border-radius-top-left:0px;--awb-border-radius-top-right:0px;--awb-border-radius-bottom-right:0px;--awb-border-radius-bottom-left:0px;--awb-overflow:visible;--awb-padding-right:20px;--awb-padding-left:20px;\" ><div class=\"fusion-builder-row fusion-row\"><div class=\"fusion-layout-column fusion_builder_column fusion-builder-column-0 fusion_builder_column_1_1 1_1 fusion-one-full fusion-column-first fusion-column-last fusion-column-no-min-height\" style=\"--awb-bg-size:cover;--awb-margin-top:0px;--awb-margin-bottom:0px;\"><div class=\"fusion-column-wrapper fusion-flex-column-wrapper-legacy\"><div class=\"fusion-title title fusion-title-1 fusion-title-text fusion-title-size-two\"><h2 class=\"title-heading-left\" style=\"margin:0;\">Paavo Nurmi \u2013 the Flying Finn<\/h2><span class=\"awb-title-spacer\"><\/span><div class=\"title-sep-container\"><div class=\"title-sep sep-double sep-solid\" style=\"border-color:#e0dede;\"><\/div><\/div><\/div><div class=\"fusion-text fusion-text-1\"><p><img decoding=\"async\" class=\"alignright wp-image-268 size-full\" src=\"\/wp-content\/uploads\/2014\/09\/Paavo-Nurmi.jpg\" alt=\"Paavo Nurmi\" width=\"285\" height=\"450\" srcset=\"https:\/\/www.nurmi-study.com\/wp-content\/uploads\/2014\/09\/Paavo-Nurmi-190x300.jpg 190w, https:\/\/www.nurmi-study.com\/wp-content\/uploads\/2014\/09\/Paavo-Nurmi.jpg 285w\" sizes=\"(max-width: 285px) 100vw, 285px\" \/><\/p>\n<p style=\"text-align: justify;\">The NURMI Study \u2013 Nutrition and Running high Mileage is named in honour of Paavo Nurmi, probably the most successful and most important runner and probably the greatest athlete of all time.<\/p>\n<\/div><div class=\"fusion-clearfix\"><\/div><\/div><\/div><div class=\"fusion-layout-column fusion_builder_column fusion-builder-column-1 fusion_builder_column_1_1 1_1 fusion-one-full fusion-column-first fusion-column-last fusion-column-no-min-height\" style=\"--awb-bg-size:cover;--awb-margin-top:0px;--awb-margin-bottom:0px;\"><div class=\"fusion-column-wrapper fusion-flex-column-wrapper-legacy\"><div class=\"fusion-title title fusion-title-2 fusion-title-text fusion-title-size-two\"><h2 class=\"title-heading-left\" style=\"margin:0;\">Vegetarian and legend in his own lifetime<\/h2><span class=\"awb-title-spacer\"><\/span><div class=\"title-sep-container\"><div class=\"title-sep sep-double sep-solid\" style=\"border-color:#e0dede;\"><\/div><\/div><\/div><div class=\"fusion-text fusion-text-2\"><p style=\"text-align: justify;\">The taciturn long-distance runner was one of the greatest athletes there has ever been. The name Paavo Nurmi is right at the top of the list of the best long-distance runners of all time. He is often spoken about in the same breath as the Czech Emil Zatopek and the Ethiopian Haile Gebrselassie. However for many people the Finn is the only number 1. Nobody has broken more world records than he did and nobody has had so many Olympic victories.<\/p>\n<p style=\"text-align: justify;\">Paavo Nurmi brought the Finnish domination of distance events to its heyday and was second to none in putting his stamp on the sport in the 1920s. Paavo Nurmi and many other top Finnish athletes were in the forefront of distance running in the 1920s and thus created the myth of the Flying Finns. His achievements made him a national symbol: not for nothing was the Finn reckoned to be the running legend of the 20th century.<\/p>\n<p style=\"text-align: justify;\">In the pre-war years the expression &#8220;He runs like Nurmi!&#8221; really took off, underlining the exceptional prowess of the Finnish running legend, although Paavo Nurmi was totally unsuitable as a yardstick for others.<br \/>\nIt is impossible to describe Nurmi&#8217;s achievements and merits without using superlatives:<\/p>\n<p style=\"text-align: justify;\">24 world records (from the 1,500 m up to 19,210 m in an hour)<br \/>\n4 years without being defeated<br \/>\n9 Olympic gold medals and 3 silver:<\/p>\n<p>Antwerp 1920:\u00a03 gold (10,000 m, individual &amp; team cross-country) &amp;\u00a01 silver (5,000 m)<br \/>\nParis 1924:\u00a05 gold (1,500 m, 5,000 m, individual &amp; team cross-country, 3,000 m team)<br \/>\nAmsterdam 1928:\u00a01 gold (10,000 m) &amp;\u00a02 silver (5,000 m, 3,000 m steeplechase)<\/p>\n<\/div><div class=\"fusion-sep-clear\"><\/div><div class=\"fusion-separator fusion-full-width-sep\" style=\"margin-left: auto;margin-right: auto;margin-top:0px;margin-bottom:25px;width:100%;\"><div class=\"fusion-separator-border sep-single sep-solid\" style=\"border-color:#e0dede;border-top-width:1px;\"><\/div><\/div><div class=\"fusion-sep-clear\"><\/div><div class=\"fusion-text fusion-text-3\"><p style=\"text-align: justify;\">The Finnish middle- and long-distance runner Paavo Nurmi (*13 June 1897 \u2013 \u20202 October 1973) was from a modest background and even as a child had to help to maintain the poverty-stricken family. He earned his first money from his extraordinary talent as an errand boy for a bakery.<br \/>\nAt the age of just 11 his talent was recognised when he ran 1,500 m in 5:02 minutes. The 12-year-old&#8217;s tiring job left him little time for running. However he trained in endurance and speed in the Finnish woods.<br \/>\nAt the age of 15 Paavo Nurmi was inspired by Hannes Kolehmainen&#8217;s victories at the 1912 Olympic Games in Stockholm (3 gold medals). Soon afterwards Paavo Nurmi got his first running shoes.<br \/>\nWhen he began his military service in 1919 he was one of the first long-distance runners, began to train systematically and hard and was one of the first to practise interval training.<br \/>\nNurmi&#8217;s typical training style was running with a stop-watch in his hand. He placed great value on an elegant running style and took care to pace himself. Nurmi trained three times a day and always ran his circuits with a stop-watch in order to check his time, even while competing.<\/p>\n<p style=\"text-align: left;\">\n<\/div><div class=\"fusion-clearfix\"><\/div><\/div><\/div><div class=\"fusion-layout-column fusion_builder_column fusion-builder-column-2 fusion_builder_column_1_1 1_1 fusion-one-full fusion-column-first fusion-column-last fusion-column-no-min-height\" style=\"--awb-bg-size:cover;--awb-margin-top:0px;--awb-margin-bottom:0px;\"><div class=\"fusion-column-wrapper fusion-flex-column-wrapper-legacy\"><div class=\"fusion-title title fusion-title-3 fusion-title-text fusion-title-size-two\"><h2 class=\"title-heading-left\" style=\"margin:0;\">The exceptional athlete<\/h2><span class=\"awb-title-spacer\"><\/span><div class=\"title-sep-container\"><div class=\"title-sep sep-double sep-solid\" style=\"border-color:#e0dede;\"><\/div><\/div><\/div><div class=\"fusion-text fusion-text-4\"><p style=\"text-align: justify;\">Antwerp 1920: First Olympic gold medal<br \/>\nIn the Summer of 1920 Paavo Nurmi achieved his first Finnish record (3,000 m in 8:36.2 min.) and became Finnish champion in three events (1,500 m, 5,000 m, cross-country).<br \/>\nNurmi made his great breakthrough at the age of 23 at the 1920 Olympic Games in Antwerp (3 gold, 1 silver). That was the beginning of his rise to being the best runner the world had ever seen. Paavo Nurmi became the idol of the still young nation of Finland.<\/p>\n<p style=\"text-align: justify;\">First word record 1921<br \/>\nPaavo Nurmi set the first in his unique series of world records in Stockholm on 22 June 1921. Nurmi ran the 10,000 m in 30:40.2 minutes, on the way also breaking the unofficial 6-mile record in 29:41.2 minutes.<br \/>\nAt the end of 1923 Paavo Nurmi was the only runner to hold the world records for the mile, 5,000 m and 10,000 m at the same time, and he still is today.<\/p>\n<p style=\"text-align: justify;\">Paris 1924: 5 gold medals in 4 days<br \/>\n1924 was a great year for Paavo Nurmi. He was no longer racing against competitors: he was primarily battling against time.<br \/>\n<em><strong>\u201cIf you run against the clock you don&#8217;t need to sprint. The others can&#8217;t keep up if the pace is fast right up to the finishing line\u201d<\/strong><\/em>, he once declared.<\/p>\n<p style=\"text-align: justify;\">On 19 June, while practising in Helsinki for the Olympic Games, within only an hour Nurmi broke two world records (1,500 m in 3:52.6 min. and 5,000 m in 14:28.2 min.). On 10 July in Paris he became Olympic champion over both distances.<br \/>\nPaavo Nurmi&#8217;s extraordinary talent became clear once again in Paris. He won the gold medal for the 10.65-km cross-country 1\u00bd minutes ahead of the silver-medallist, only 15 of the 38 starters finishing in the 45\u00b0 C heatwave.<\/p>\n<p style=\"text-align: justify;\">USA, 1924\/25 Winter season<br \/>\nThe incredible achievements of the 26-year-old Finn gained him an invitation to the USA, which became a triumphal procession. Nurmi achieved a new indoor world record over a mile. Within five months Nurmi won 53 of 55 medium- and long-distance races as well as exhibition races.<br \/>\n&#8220;A world record every week \u2026&#8221;, wrote the former editor-in-chief of the magazine Leichtathletik, Heinz Vogel, about Paavo Nurmi in 1972.<\/p>\n<p style=\"text-align: justify;\">Amsterdam 1928<br \/>\nAt the age of 31 Finland&#8217;s greatest sportsman continued his success at the 1928 Olympic Games in Amsterdam, winning gold in the 10,000 m and two silvers.<br \/>\nIn addition on 7 October 1928 Paavo Nurmi set a world record by running 19,210 m in an hour, a record that was to stand for 17 years until his compatriot Viljo Heino achieved 19,338 m.<\/p>\n<p style=\"text-align: justify;\">1932 Olympic ban \u2013 The dream of marathon gold shattered<br \/>\nIn 1932 Paavo Nurmi hoped to win the gold medal for the marathon at the Olympic Games in Los Angeles. However it was alleged that he&#8217;d breached his amateur status and was not allowed to enter. Just days before the Olympic Games he was suspended by the IAAF and the International Olympic Committee (IOC) banned him for life. This shattered Nurmi&#8217;s final dream of a gold in the Olympic marathon, which he reckoned he would have won by five minutes.<br \/>\nNurmi had long been hero-worshipped by a whole generation, and not only in his native land. In Finland his ban was ignored and so Paavo Nurmi ran his last race on 16 September 1934 and won.<\/p>\n<p style=\"text-align: justify;\">Torch-bearer 1952<br \/>\nAfter the IOC ban the publicity-shy Finn retreated into private life and began a second career as a successful building contractor and businessman.<br \/>\nOnly once did Paavo Nurmi return to the limelight. When he carried the Olympic flame into the stadium in Helsinki in 1952 and lit it, Paavo Nurmi was greeted with a storm of jubilation \u2013 a special honour and gratification for the 54-year-old, who was finally being rehabilitated.<\/p>\n<p style=\"text-align: justify;\">Paavo Nurmi died at the age of 76 and was honoured with a state funeral.<br \/>\nBut his fame will never die and in 2012 Nurmi was enrolled in the IAAF Hall of Fame.<\/p>\n<\/div><div class=\"fusion-sep-clear\"><\/div><div class=\"fusion-separator fusion-full-width-sep\" style=\"margin-left: auto;margin-right: auto;margin-top:0px;margin-bottom:0px;width:100%;\"><div class=\"fusion-separator-border sep-single sep-solid\" style=\"border-color:#e0dede;border-top-width:1px;\"><\/div><\/div><div class=\"fusion-sep-clear\"><\/div><div class=\"fusion-text fusion-text-5\"><p>Sources (14 September 2014):<\/p>\n<ol>\n<li>The Official Site of the Flying Finn. Biography: <a href=\"http:\/\/paavonurmi.fi\/de\/biografie\" target=\"_blank\" rel=\"noopener\">http:\/\/paavonurmi.fi\/de\/biografie<\/a><\/li>\n<li>Winner of 12 Olympic medals \u2013 Paavo Nurmi:\u00a0<a href=\"http:\/\/www.davidstuff.com\/general\/paavo.htm\" target=\"_blank\" rel=\"noopener\">http:\/\/www.davidstuff.com\/general\/paavo.htm<\/a><\/li>\n<li>Die finnische Lauflegende &#8211; Paavo Nurmi:\u00a0<a href=\"http:\/\/www.runnersworld.de\/training\/paavo-nurmi.62172.htm\" target=\"&quot;_blank\" rel=\"noopener\">http:\/\/www.runnersworld.de\/training\/paavo-nurmi.62172.htm<\/a><\/li>\n<li>Paavo Nurmi \u2013 Ein Denkmal zu Lebzeiten: <a href=\"http:\/\/www.laufen-in-koeln.de\/lik4.php?aid=A-2815\" target=\"_blank\" rel=\"noopener\">http:\/\/www.laufen-in-koeln.de\/lik4.php?aid=A-2815<\/a><\/li>\n<li>Lauflegenden: Paavo Nurmi \u2013 Keiner sammelte mehr Weltrekorde als der Fine: <a href=\"http:\/\/www.laufen.de\/articles\/11263\" target=\"_blank\" rel=\"noopener\">http:\/\/www.laufen.de\/articles\/11263<\/a><\/li>\n<li>13. Juni 1897 \u2013 Paavo Nurmi wird geboren: Magier der Aschenbahn: <a href=\"http:\/\/www1.wdr.de\/themen\/archiv\/stichtag\/stichtag6694.html\" target=\"_blank\" rel=\"noopener\">http:\/\/www1.wdr.de\/themen\/archiv\/stichtag\/stichtag6694.html<\/a><\/li>\n<li>Website in honour of Paavo Nurmi\u00b4s 100th birthday in 1997: <a href=\"http:\/\/www.urheilumuseo.fi\/Paavonurmi\" target=\"_blank\" rel=\"noopener\">http:\/\/www.urheilumuseo.fi\/Paavonurmi<\/a> or <a href=\"http:\/\/www.urheilumuseo.fi\/Default.aspx?tabid=2968\" target=\"_blank\" rel=\"noopener\">http:\/\/www.urheilumuseo.fi\/Default.aspx?tabid=2968<\/a><\/li>\n<li>Bartens Werner (2010). Medikamente f\u00fcr die Leistungsgesellschaft: Jeder wie er&#8217;s braucht. Online article S\u00fcddetusche.de (19 May 2010): <a href=\"http:\/\/www.sueddeutsche.de\/kultur\/medikamente-fuer-die-leistungsgesellschaft-jeder-wie-ers-braucht-1.894904\" target=\"_blank\" rel=\"noopener\">http:\/\/www.sueddeutsche.de\/kultur\/medikamente-fuer-die-leistungsgesellschaft-jeder-wie-ers-braucht-1.894904<\/a><\/li>\n<li>Kr\u00e4mer Harald, Zobel Klaus &amp; Irro Werner (Publisher) (2004). Marathon &#8211; Ein Laufbuch in 42,195 Kapiteln. Die Werkstatt. ISBN: 3-89533-464-2.<\/li>\n<li>Kr\u00fcger Arnd (1998). Viele Wege f\u00fchren nach Olympia. Die Ver\u00e4nderungen in den Trainingssystemen f\u00fcr Mittel- und Langstreckenl\u00e4ufer (1850\u20131997). In: Gissel Norbert (Publisher) (1998): Sportliche Leistung im Wandel. Czwalina: Hamburg.<\/li>\n<li>\u00a0Lucas John A. (1992). In the Eye of the Storm: Paavo Nurmi and the American Athletic Amateur-Professional Struggle (1925 and 1929). In: Stadion 18(1992)2, Pages 225-246.<\/li>\n<li>Vogel Heinz (1972). Bahnbrecher der Leichtathletik. Bartels und Wernitz: Berlin, Munich, Frankfurt. ISBN: 9783870399047<\/li>\n<\/ol>\n<\/div><div class=\"fusion-clearfix\"><\/div><\/div><\/div><\/div><\/div>\n","protected":false},"excerpt":{"rendered":"","protected":false},"author":2,"featured_media":0,"parent":0,"menu_order":0,"comment_status":"open","ping_status":"closed","template":"100-width.php","meta":{"footnotes":""},"class_list":["post-713","page","type-page","status-publish","hentry"],"yoast_head":"<!-- This site is optimized with the Yoast SEO plugin v27.2 - https:\/\/yoast.com\/product\/yoast-seo-wordpress\/ -->\n<title>Paavo Nurmi - NURMI-Study<\/title>\n<meta name=\"description\" content=\"The NURMI Study \u2013 Nutrition and Running high Mileage is named in honour of Paavo Nurmi, probably the most successful and most important runner and probably the greatest athlete of all time.\" \/>\n<meta name=\"robots\" content=\"index, follow, max-snippet:-1, max-image-preview:large, max-video-preview:-1\" \/>\n<link rel=\"canonical\" href=\"https:\/\/www.nurmi-study.com\/en\/paavo-nurmi\" \/>\n<meta name=\"twitter:label1\" content=\"Est. reading time\" \/>\n\t<meta name=\"twitter:data1\" content=\"9 minutes\" \/>\n<script type=\"application\/ld+json\" class=\"yoast-schema-graph\">{\"@context\":\"https:\/\/schema.org\",\"@graph\":[{\"@type\":\"WebPage\",\"@id\":\"https:\/\/www.nurmi-study.com\/en\/paavo-nurmi\",\"url\":\"https:\/\/www.nurmi-study.com\/en\/paavo-nurmi\",\"name\":\"Paavo Nurmi - NURMI-Study\",\"isPartOf\":{\"@id\":\"https:\/\/www.nurmi-study.com\/#website\"},\"datePublished\":\"2014-12-26T16:49:55+00:00\",\"dateModified\":\"2023-01-07T12:54:14+00:00\",\"description\":\"The NURMI Study \u2013 Nutrition and Running high Mileage is named in honour of Paavo Nurmi, probably the most successful and most important runner and probably the greatest athlete of all time.\",\"breadcrumb\":{\"@id\":\"https:\/\/www.nurmi-study.com\/en\/paavo-nurmi#breadcrumb\"},\"inLanguage\":\"en-US\",\"potentialAction\":[{\"@type\":\"ReadAction\",\"target\":[\"https:\/\/www.nurmi-study.com\/en\/paavo-nurmi\"]}]},{\"@type\":\"BreadcrumbList\",\"@id\":\"https:\/\/www.nurmi-study.com\/en\/paavo-nurmi#breadcrumb\",\"itemListElement\":[{\"@type\":\"ListItem\",\"position\":1,\"name\":\"Startseite\",\"item\":\"https:\/\/www.nurmi-study.com\/en\"},{\"@type\":\"ListItem\",\"position\":2,\"name\":\"Paavo Nurmi\"}]},{\"@type\":\"WebSite\",\"@id\":\"https:\/\/www.nurmi-study.com\/#website\",\"url\":\"https:\/\/www.nurmi-study.com\/\",\"name\":\"NURMI-Study\",\"description\":\"\",\"potentialAction\":[{\"@type\":\"SearchAction\",\"target\":{\"@type\":\"EntryPoint\",\"urlTemplate\":\"https:\/\/www.nurmi-study.com\/?s={search_term_string}\"},\"query-input\":{\"@type\":\"PropertyValueSpecification\",\"valueRequired\":true,\"valueName\":\"search_term_string\"}}],\"inLanguage\":\"en-US\"}]}<\/script>\n<!-- \/ Yoast SEO plugin. -->","yoast_head_json":{"title":"Paavo Nurmi - NURMI-Study","description":"The NURMI Study \u2013 Nutrition and Running high Mileage is named in honour of Paavo Nurmi, probably the most successful and most important runner and probably the greatest athlete of all time.","robots":{"index":"index","follow":"follow","max-snippet":"max-snippet:-1","max-image-preview":"max-image-preview:large","max-video-preview":"max-video-preview:-1"},"canonical":"https:\/\/www.nurmi-study.com\/en\/paavo-nurmi","twitter_misc":{"Est. reading time":"9 minutes"},"schema":{"@context":"https:\/\/schema.org","@graph":[{"@type":"WebPage","@id":"https:\/\/www.nurmi-study.com\/en\/paavo-nurmi","url":"https:\/\/www.nurmi-study.com\/en\/paavo-nurmi","name":"Paavo Nurmi - NURMI-Study","isPartOf":{"@id":"https:\/\/www.nurmi-study.com\/#website"},"datePublished":"2014-12-26T16:49:55+00:00","dateModified":"2023-01-07T12:54:14+00:00","description":"The NURMI Study \u2013 Nutrition and Running high Mileage is named in honour of Paavo Nurmi, probably the most successful and most important runner and probably the greatest athlete of all time.","breadcrumb":{"@id":"https:\/\/www.nurmi-study.com\/en\/paavo-nurmi#breadcrumb"},"inLanguage":"en-US","potentialAction":[{"@type":"ReadAction","target":["https:\/\/www.nurmi-study.com\/en\/paavo-nurmi"]}]},{"@type":"BreadcrumbList","@id":"https:\/\/www.nurmi-study.com\/en\/paavo-nurmi#breadcrumb","itemListElement":[{"@type":"ListItem","position":1,"name":"Startseite","item":"https:\/\/www.nurmi-study.com\/en"},{"@type":"ListItem","position":2,"name":"Paavo Nurmi"}]},{"@type":"WebSite","@id":"https:\/\/www.nurmi-study.com\/#website","url":"https:\/\/www.nurmi-study.com\/","name":"NURMI-Study","description":"","potentialAction":[{"@type":"SearchAction","target":{"@type":"EntryPoint","urlTemplate":"https:\/\/www.nurmi-study.com\/?s={search_term_string}"},"query-input":{"@type":"PropertyValueSpecification","valueRequired":true,"valueName":"search_term_string"}}],"inLanguage":"en-US"}]}},"_links":{"self":[{"href":"https:\/\/www.nurmi-study.com\/en\/wp-json\/wp\/v2\/pages\/713","targetHints":{"allow":["GET"]}}],"collection":[{"href":"https:\/\/www.nurmi-study.com\/en\/wp-json\/wp\/v2\/pages"}],"about":[{"href":"https:\/\/www.nurmi-study.com\/en\/wp-json\/wp\/v2\/types\/page"}],"author":[{"embeddable":true,"href":"https:\/\/www.nurmi-study.com\/en\/wp-json\/wp\/v2\/users\/2"}],"replies":[{"embeddable":true,"href":"https:\/\/www.nurmi-study.com\/en\/wp-json\/wp\/v2\/comments?post=713"}],"version-history":[{"count":11,"href":"https:\/\/www.nurmi-study.com\/en\/wp-json\/wp\/v2\/pages\/713\/revisions"}],"predecessor-version":[{"id":2145,"href":"https:\/\/www.nurmi-study.com\/en\/wp-json\/wp\/v2\/pages\/713\/revisions\/2145"}],"wp:attachment":[{"href":"https:\/\/www.nurmi-study.com\/en\/wp-json\/wp\/v2\/media?parent=713"}],"curies":[{"name":"wp","href":"https:\/\/api.w.org\/{rel}","templated":true}]}}